{"id":11341,"date":"2018-05-08T21:01:10","date_gmt":"2018-05-08T20:01:10","guid":{"rendered":"https:\/\/tlr-coworking.com\/all-star-join-the-family\/"},"modified":"2025-05-05T14:04:07","modified_gmt":"2025-05-05T13:04:07","slug":"all-star-join-the-family","status":"publish","type":"page","link":"https:\/\/tlr-coworking.com\/es\/all-star-join-the-family\/","title":{"rendered":"All Star | \u00danete a la familia"},"content":{"rendered":"\t\t<div data-elementor-type=\"wp-page\" data-elementor-id=\"11341\" class=\"elementor elementor-11341 elementor-1418\" data-elementor-post-type=\"page\">\n\t\t\t\t<div class=\"elementor-element elementor-element-8122e80 e-con-full e-flex e-con e-parent\" data-id=\"8122e80\" data-element_type=\"container\" data-e-type=\"container\" data-settings=\"{&quot;background_background&quot;:&quot;classic&quot;}\">\n\t\t\t\t<div class=\"elementor-element elementor-element-5e26561 elementor-hidden-mobile elementor-widget elementor-widget-image\" data-id=\"5e26561\" data-element_type=\"widget\" data-e-type=\"widget\" data-widget_type=\"image.default\">\n\t\t\t\t<div class=\"elementor-widget-container\">\n\t\t\t\t\t\t\t\t\t\t\t\t\t\t\t<img fetchpriority=\"high\" decoding=\"async\" width=\"753\" height=\"416\" src=\"https:\/\/tlr-coworking.com\/wp-content\/uploads\/2025\/01\/Subscription-Illustration-Desktop-All-Star.svg\" class=\"attachment-large size-large wp-image-14623\" alt=\"Your All Star subscription at TLR Coworking\" \/>\t\t\t\t\t\t\t\t\t\t\t\t\t\t\t<\/div>\n\t\t\t\t<\/div>\n\t\t\t\t<div class=\"elementor-element elementor-element-7bf8f64 elementor-hidden-desktop elementor-hidden-tablet elementor-widget elementor-widget-image\" data-id=\"7bf8f64\" data-element_type=\"widget\" data-e-type=\"widget\" data-widget_type=\"image.default\">\n\t\t\t\t<div class=\"elementor-widget-container\">\n\t\t\t\t\t\t\t\t\t\t\t\t\t\t\t<img decoding=\"async\" width=\"369\" height=\"444\" src=\"https:\/\/tlr-coworking.com\/wp-content\/uploads\/2025\/01\/Subscription-Illustration-Mobile-All-Star.svg\" class=\"attachment-large size-large wp-image-14625\" alt=\"Your All Star subscription at TLR Coworking\" \/>\t\t\t\t\t\t\t\t\t\t\t\t\t\t\t<\/div>\n\t\t\t\t<\/div>\n\t\t\t\t<div class=\"elementor-element elementor-element-91e698b elementor-widget elementor-widget-heading\" data-id=\"91e698b\" data-element_type=\"widget\" data-e-type=\"widget\" data-widget_type=\"heading.default\">\n\t\t\t\t<div class=\"elementor-widget-container\">\n\t\t\t\t\t<h2 class=\"elementor-heading-title elementor-size-default\">All Star<\/h2>\t\t\t\t<\/div>\n\t\t\t\t<\/div>\n\t\t\t\t<div class=\"elementor-element elementor-element-e5b7ff5 elementor-widget__width-initial elementor-widget elementor-widget-text-editor\" data-id=\"e5b7ff5\" data-element_type=\"widget\" data-e-type=\"widget\" data-widget_type=\"text-editor.default\">\n\t\t\t\t<div class=\"elementor-widget-container\">\n\t\t\t\t\t\t\t\t\t<p><strong>\u00danete a la familia<\/strong><\/p>\n<p>Como somos el espacio de coworking internacional de M\u00e1laga, \u00a1practiquemos y cambiemos de idioma! Por favor, rellena este formulario en ingl\u00e9s.<\/p>\n\t\t\t\t\t\t\t\t<\/div>\n\t\t\t\t<\/div>\n\t\t\t\t<\/div>\n\t\t<div class=\"elementor-element elementor-element-2b46f19 e-flex e-con-boxed e-con e-parent\" data-id=\"2b46f19\" data-element_type=\"container\" data-e-type=\"container\">\n\t\t\t\t\t<div class=\"e-con-inner\">\n\t\t\t\t<div class=\"elementor-element elementor-element-27093af elementor-widget elementor-widget-text-editor\" data-id=\"27093af\" data-element_type=\"widget\" data-e-type=\"widget\" data-widget_type=\"text-editor.default\">\n\t\t\t\t<div class=\"elementor-widget-container\">\n\t\t\t\t\t\t\t\t\t<p><p class=\"wpcf7-contact-form-not-found\"><strong>Error:<\/strong> Formulario de contacto no encontrado.<\/p><\/p>\n\t\t\t\t\t\t\t\t<\/div>\n\t\t\t\t<\/div>\n\t\t\t\t\t<\/div>\n\t\t\t\t<\/div>\n\t\t\t\t<\/div>\n\t\t","protected":false},"excerpt":{"rendered":"<p>All Star \u00danete a la familia Como somos el espacio de coworking internacional de M\u00e1laga, \u00a1practiquemos y cambiemos de idioma! Por favor, rellena este formulario en ingl\u00e9s.<\/p>\n","protected":false},"author":1,"featured_media":0,"parent":0,"menu_order":0,"comment_status":"closed","ping_status":"closed","template":"elementor_header_footer","meta":{"_acf_changed":false,"_joinchat":[],"footnotes":""},"class_list":["post-11341","page","type-page","status-publish","hentry"],"acf":[],"yoast_head":"<!-- This site is optimized with the Yoast SEO plugin v27.4 - https:\/\/yoast.com\/product\/yoast-seo-wordpress\/ -->\n<title>All Star | \u00danete a la familia | The Living Room<\/title>\n<meta name=\"robots\" content=\"index, follow, max-snippet:-1, max-image-preview:large, max-video-preview:-1\" \/>\n<link rel=\"canonical\" href=\"https:\/\/tlr-coworking.com\/es\/all-star-join-the-family\/\" \/>\n<meta property=\"og:locale\" content=\"es_ES\" \/>\n<meta property=\"og:type\" content=\"article\" \/>\n<meta property=\"og:title\" content=\"All Star | \u00danete a la familia | The Living Room\" \/>\n<meta property=\"og:description\" content=\"All Star \u00danete a la familia Como somos el espacio de coworking internacional de M\u00e1laga, \u00a1practiquemos y cambiemos de idioma! Por favor, rellena este formulario en ingl\u00e9s.\" \/>\n<meta property=\"og:url\" content=\"https:\/\/tlr-coworking.com\/es\/all-star-join-the-family\/\" \/>\n<meta property=\"og:site_name\" content=\"The Living Room\" \/>\n<meta property=\"article:publisher\" content=\"https:\/\/www.facebook.com\/thelivingroomcoworking\/\" \/>\n<meta property=\"article:modified_time\" content=\"2025-05-05T13:04:07+00:00\" \/>\n<meta name=\"twitter:card\" content=\"summary_large_image\" \/>\n<meta name=\"twitter:label1\" content=\"Tiempo de lectura\" \/>\n\t<meta name=\"twitter:data1\" content=\"2 minutos\" \/>\n<script type=\"application\/ld+json\" class=\"yoast-schema-graph\">{\"@context\":\"https:\\\/\\\/schema.org\",\"@graph\":[{\"@type\":\"WebPage\",\"@id\":\"https:\\\/\\\/tlr-coworking.com\\\/es\\\/all-star-join-the-family\\\/\",\"url\":\"https:\\\/\\\/tlr-coworking.com\\\/es\\\/all-star-join-the-family\\\/\",\"name\":\"All Star | \u00danete a la familia | The Living Room\",\"isPartOf\":{\"@id\":\"https:\\\/\\\/tlr-coworking.com\\\/es\\\/#website\"},\"primaryImageOfPage\":{\"@id\":\"https:\\\/\\\/tlr-coworking.com\\\/es\\\/all-star-join-the-family\\\/#primaryimage\"},\"image\":{\"@id\":\"https:\\\/\\\/tlr-coworking.com\\\/es\\\/all-star-join-the-family\\\/#primaryimage\"},\"thumbnailUrl\":\"https:\\\/\\\/tlr-coworking.com\\\/wp-content\\\/uploads\\\/2025\\\/01\\\/Subscription-Illustration-Desktop-All-Star.svg\",\"datePublished\":\"2018-05-08T20:01:10+00:00\",\"dateModified\":\"2025-05-05T13:04:07+00:00\",\"breadcrumb\":{\"@id\":\"https:\\\/\\\/tlr-coworking.com\\\/es\\\/all-star-join-the-family\\\/#breadcrumb\"},\"inLanguage\":\"es\",\"potentialAction\":[{\"@type\":\"ReadAction\",\"target\":[\"https:\\\/\\\/tlr-coworking.com\\\/es\\\/all-star-join-the-family\\\/\"]}]},{\"@type\":\"ImageObject\",\"inLanguage\":\"es\",\"@id\":\"https:\\\/\\\/tlr-coworking.com\\\/es\\\/all-star-join-the-family\\\/#primaryimage\",\"url\":\"https:\\\/\\\/tlr-coworking.com\\\/wp-content\\\/uploads\\\/2025\\\/01\\\/Subscription-Illustration-Desktop-All-Star.svg\",\"contentUrl\":\"https:\\\/\\\/tlr-coworking.com\\\/wp-content\\\/uploads\\\/2025\\\/01\\\/Subscription-Illustration-Desktop-All-Star.svg\"},{\"@type\":\"BreadcrumbList\",\"@id\":\"https:\\\/\\\/tlr-coworking.com\\\/es\\\/all-star-join-the-family\\\/#breadcrumb\",\"itemListElement\":[{\"@type\":\"ListItem\",\"position\":1,\"name\":\"Home\",\"item\":\"https:\\\/\\\/tlr-coworking.com\\\/es\\\/\"},{\"@type\":\"ListItem\",\"position\":2,\"name\":\"All Star | \u00danete a la familia\"}]},{\"@type\":\"WebSite\",\"@id\":\"https:\\\/\\\/tlr-coworking.com\\\/es\\\/#website\",\"url\":\"https:\\\/\\\/tlr-coworking.com\\\/es\\\/\",\"name\":\"The Living Room\",\"description\":\"Coworking Space Malaga\",\"potentialAction\":[{\"@type\":\"SearchAction\",\"target\":{\"@type\":\"EntryPoint\",\"urlTemplate\":\"https:\\\/\\\/tlr-coworking.com\\\/es\\\/?s={search_term_string}\"},\"query-input\":{\"@type\":\"PropertyValueSpecification\",\"valueRequired\":true,\"valueName\":\"search_term_string\"}}],\"inLanguage\":\"es\"}]}<\/script>\n<!-- \/ Yoast SEO plugin. -->","yoast_head_json":{"title":"All Star | \u00danete a la familia | The Living Room","robots":{"index":"index","follow":"follow","max-snippet":"max-snippet:-1","max-image-preview":"max-image-preview:large","max-video-preview":"max-video-preview:-1"},"canonical":"https:\/\/tlr-coworking.com\/es\/all-star-join-the-family\/","og_locale":"es_ES","og_type":"article","og_title":"All Star | \u00danete a la familia | The Living Room","og_description":"All Star \u00danete a la familia Como somos el espacio de coworking internacional de M\u00e1laga, \u00a1practiquemos y cambiemos de idioma! Por favor, rellena este formulario en ingl\u00e9s.","og_url":"https:\/\/tlr-coworking.com\/es\/all-star-join-the-family\/","og_site_name":"The Living Room","article_publisher":"https:\/\/www.facebook.com\/thelivingroomcoworking\/","article_modified_time":"2025-05-05T13:04:07+00:00","twitter_card":"summary_large_image","twitter_misc":{"Tiempo de lectura":"2 minutos"},"schema":{"@context":"https:\/\/schema.org","@graph":[{"@type":"WebPage","@id":"https:\/\/tlr-coworking.com\/es\/all-star-join-the-family\/","url":"https:\/\/tlr-coworking.com\/es\/all-star-join-the-family\/","name":"All Star | \u00danete a la familia | The Living Room","isPartOf":{"@id":"https:\/\/tlr-coworking.com\/es\/#website"},"primaryImageOfPage":{"@id":"https:\/\/tlr-coworking.com\/es\/all-star-join-the-family\/#primaryimage"},"image":{"@id":"https:\/\/tlr-coworking.com\/es\/all-star-join-the-family\/#primaryimage"},"thumbnailUrl":"https:\/\/tlr-coworking.com\/wp-content\/uploads\/2025\/01\/Subscription-Illustration-Desktop-All-Star.svg","datePublished":"2018-05-08T20:01:10+00:00","dateModified":"2025-05-05T13:04:07+00:00","breadcrumb":{"@id":"https:\/\/tlr-coworking.com\/es\/all-star-join-the-family\/#breadcrumb"},"inLanguage":"es","potentialAction":[{"@type":"ReadAction","target":["https:\/\/tlr-coworking.com\/es\/all-star-join-the-family\/"]}]},{"@type":"ImageObject","inLanguage":"es","@id":"https:\/\/tlr-coworking.com\/es\/all-star-join-the-family\/#primaryimage","url":"https:\/\/tlr-coworking.com\/wp-content\/uploads\/2025\/01\/Subscription-Illustration-Desktop-All-Star.svg","contentUrl":"https:\/\/tlr-coworking.com\/wp-content\/uploads\/2025\/01\/Subscription-Illustration-Desktop-All-Star.svg"},{"@type":"BreadcrumbList","@id":"https:\/\/tlr-coworking.com\/es\/all-star-join-the-family\/#breadcrumb","itemListElement":[{"@type":"ListItem","position":1,"name":"Home","item":"https:\/\/tlr-coworking.com\/es\/"},{"@type":"ListItem","position":2,"name":"All Star | \u00danete a la familia"}]},{"@type":"WebSite","@id":"https:\/\/tlr-coworking.com\/es\/#website","url":"https:\/\/tlr-coworking.com\/es\/","name":"The Living Room","description":"Coworking Space Malaga","potentialAction":[{"@type":"SearchAction","target":{"@type":"EntryPoint","urlTemplate":"https:\/\/tlr-coworking.com\/es\/?s={search_term_string}"},"query-input":{"@type":"PropertyValueSpecification","valueRequired":true,"valueName":"search_term_string"}}],"inLanguage":"es"}]}},"_links":{"self":[{"href":"https:\/\/tlr-coworking.com\/es\/wp-json\/wp\/v2\/pages\/11341","targetHints":{"allow":["GET"]}}],"collection":[{"href":"https:\/\/tlr-coworking.com\/es\/wp-json\/wp\/v2\/pages"}],"about":[{"href":"https:\/\/tlr-coworking.com\/es\/wp-json\/wp\/v2\/types\/page"}],"author":[{"embeddable":true,"href":"https:\/\/tlr-coworking.com\/es\/wp-json\/wp\/v2\/users\/1"}],"replies":[{"embeddable":true,"href":"https:\/\/tlr-coworking.com\/es\/wp-json\/wp\/v2\/comments?post=11341"}],"version-history":[{"count":11,"href":"https:\/\/tlr-coworking.com\/es\/wp-json\/wp\/v2\/pages\/11341\/revisions"}],"predecessor-version":[{"id":15619,"href":"https:\/\/tlr-coworking.com\/es\/wp-json\/wp\/v2\/pages\/11341\/revisions\/15619"}],"wp:attachment":[{"href":"https:\/\/tlr-coworking.com\/es\/wp-json\/wp\/v2\/media?parent=11341"}],"curies":[{"name":"wp","href":"https:\/\/api.w.org\/{rel}","templated":true}]}}