{"id":11365,"date":"2018-05-08T21:53:56","date_gmt":"2018-05-08T20:53:56","guid":{"rendered":"https:\/\/tlr-coworking.com\/boomerang-unete-a-la-familia\/"},"modified":"2025-05-05T14:01:47","modified_gmt":"2025-05-05T13:01:47","slug":"boomerang-unete-a-la-familia","status":"publish","type":"page","link":"https:\/\/tlr-coworking.com\/es\/boomerang-unete-a-la-familia\/","title":{"rendered":"Boomerang | \u00danete a la familia"},"content":{"rendered":"\t\t<div data-elementor-type=\"wp-page\" data-elementor-id=\"11365\" class=\"elementor elementor-11365 elementor-1432\" data-elementor-post-type=\"page\">\n\t\t\t\t<div class=\"elementor-element elementor-element-9205c2d e-con-full e-flex e-con e-parent\" data-id=\"9205c2d\" data-element_type=\"container\" data-e-type=\"container\" data-settings=\"{&quot;background_background&quot;:&quot;classic&quot;}\">\n\t\t\t\t<div class=\"elementor-element elementor-element-3bfb28e elementor-hidden-mobile elementor-widget elementor-widget-image\" data-id=\"3bfb28e\" data-element_type=\"widget\" data-e-type=\"widget\" data-widget_type=\"image.default\">\n\t\t\t\t<div class=\"elementor-widget-container\">\n\t\t\t\t\t\t\t\t\t\t\t\t\t\t\t<img fetchpriority=\"high\" decoding=\"async\" width=\"753\" height=\"307\" src=\"https:\/\/tlr-coworking.com\/wp-content\/uploads\/2025\/01\/Subscription-Illustration-Desktop-Boomerang.svg\" class=\"attachment-large size-large wp-image-14639\" alt=\"Your Boomerang subscription at TLR Coworking\" \/>\t\t\t\t\t\t\t\t\t\t\t\t\t\t\t<\/div>\n\t\t\t\t<\/div>\n\t\t\t\t<div class=\"elementor-element elementor-element-7e27c52 elementor-hidden-desktop elementor-hidden-tablet elementor-widget elementor-widget-image\" data-id=\"7e27c52\" data-element_type=\"widget\" data-e-type=\"widget\" data-widget_type=\"image.default\">\n\t\t\t\t<div class=\"elementor-widget-container\">\n\t\t\t\t\t\t\t\t\t\t\t\t\t\t\t<img decoding=\"async\" width=\"394\" height=\"351\" src=\"https:\/\/tlr-coworking.com\/wp-content\/uploads\/2025\/01\/Subscription-Illustration-Mobile-Boomerang.svg\" class=\"attachment-large size-large wp-image-14641\" alt=\"Your Boomerang subscription at TLR Coworking\" \/>\t\t\t\t\t\t\t\t\t\t\t\t\t\t\t<\/div>\n\t\t\t\t<\/div>\n\t\t\t\t<div class=\"elementor-element elementor-element-1083481 elementor-widget elementor-widget-heading\" data-id=\"1083481\" data-element_type=\"widget\" data-e-type=\"widget\" data-widget_type=\"heading.default\">\n\t\t\t\t<div class=\"elementor-widget-container\">\n\t\t\t\t\t<h2 class=\"elementor-heading-title elementor-size-default\">Boomerang<\/h2>\t\t\t\t<\/div>\n\t\t\t\t<\/div>\n\t\t\t\t<div class=\"elementor-element elementor-element-2f3ac96 elementor-widget__width-initial elementor-widget elementor-widget-text-editor\" data-id=\"2f3ac96\" data-element_type=\"widget\" data-e-type=\"widget\" data-widget_type=\"text-editor.default\">\n\t\t\t\t<div class=\"elementor-widget-container\">\n\t\t\t\t\t\t\t\t\t<p><strong>\u00danete a la familia<\/strong><\/p>\n<p>Como somos el espacio de coworking internacional de M\u00e1laga, \u00a1practiquemos y cambiemos de idioma! Por favor, rellena este formulario en ingl\u00e9s.<\/p>\n\t\t\t\t\t\t\t\t<\/div>\n\t\t\t\t<\/div>\n\t\t\t\t<\/div>\n\t\t<div class=\"elementor-element elementor-element-7f14656 e-flex e-con-boxed e-con e-parent\" data-id=\"7f14656\" data-element_type=\"container\" data-e-type=\"container\">\n\t\t\t\t\t<div class=\"e-con-inner\">\n\t\t\t\t<div class=\"elementor-element elementor-element-bc3cbad elementor-widget elementor-widget-text-editor\" data-id=\"bc3cbad\" data-element_type=\"widget\" data-e-type=\"widget\" data-widget_type=\"text-editor.default\">\n\t\t\t\t<div class=\"elementor-widget-container\">\n\t\t\t\t\t\t\t\t\t<p><p class=\"wpcf7-contact-form-not-found\"><strong>Error:<\/strong> Formulario de contacto no encontrado.<\/p><\/p>\n\t\t\t\t\t\t\t\t<\/div>\n\t\t\t\t<\/div>\n\t\t\t\t\t<\/div>\n\t\t\t\t<\/div>\n\t\t\t\t<\/div>\n\t\t","protected":false},"excerpt":{"rendered":"<p>Boomerang \u00danete a la familia Como somos el espacio de coworking internacional de M\u00e1laga, \u00a1practiquemos y cambiemos de idioma! Por favor, rellena este formulario en ingl\u00e9s.<\/p>\n","protected":false},"author":1,"featured_media":0,"parent":0,"menu_order":0,"comment_status":"closed","ping_status":"closed","template":"elementor_header_footer","meta":{"_acf_changed":false,"_joinchat":[],"footnotes":""},"class_list":["post-11365","page","type-page","status-publish","hentry"],"acf":[],"yoast_head":"<!-- This site is optimized with the Yoast SEO plugin v27.4 - https:\/\/yoast.com\/product\/yoast-seo-wordpress\/ -->\n<title>Boomerang | \u00danete a la familia | The Living Room<\/title>\n<meta name=\"robots\" content=\"index, follow, max-snippet:-1, max-image-preview:large, max-video-preview:-1\" \/>\n<link rel=\"canonical\" href=\"https:\/\/tlr-coworking.com\/es\/boomerang-unete-a-la-familia\/\" \/>\n<meta property=\"og:locale\" content=\"es_ES\" \/>\n<meta property=\"og:type\" content=\"article\" \/>\n<meta property=\"og:title\" content=\"Boomerang | \u00danete a la familia | The Living Room\" \/>\n<meta property=\"og:description\" content=\"Boomerang \u00danete a la familia Como somos el espacio de coworking internacional de M\u00e1laga, \u00a1practiquemos y cambiemos de idioma! Por favor, rellena este formulario en ingl\u00e9s.\" \/>\n<meta property=\"og:url\" content=\"https:\/\/tlr-coworking.com\/es\/boomerang-unete-a-la-familia\/\" \/>\n<meta property=\"og:site_name\" content=\"The Living Room\" \/>\n<meta property=\"article:publisher\" content=\"https:\/\/www.facebook.com\/thelivingroomcoworking\/\" \/>\n<meta property=\"article:modified_time\" content=\"2025-05-05T13:01:47+00:00\" \/>\n<meta name=\"twitter:card\" content=\"summary_large_image\" \/>\n<meta name=\"twitter:label1\" content=\"Tiempo de lectura\" \/>\n\t<meta name=\"twitter:data1\" content=\"2 minutos\" \/>\n<script type=\"application\/ld+json\" class=\"yoast-schema-graph\">{\"@context\":\"https:\\\/\\\/schema.org\",\"@graph\":[{\"@type\":\"WebPage\",\"@id\":\"https:\\\/\\\/tlr-coworking.com\\\/es\\\/boomerang-unete-a-la-familia\\\/\",\"url\":\"https:\\\/\\\/tlr-coworking.com\\\/es\\\/boomerang-unete-a-la-familia\\\/\",\"name\":\"Boomerang | \u00danete a la familia | The Living Room\",\"isPartOf\":{\"@id\":\"https:\\\/\\\/tlr-coworking.com\\\/es\\\/#website\"},\"primaryImageOfPage\":{\"@id\":\"https:\\\/\\\/tlr-coworking.com\\\/es\\\/boomerang-unete-a-la-familia\\\/#primaryimage\"},\"image\":{\"@id\":\"https:\\\/\\\/tlr-coworking.com\\\/es\\\/boomerang-unete-a-la-familia\\\/#primaryimage\"},\"thumbnailUrl\":\"https:\\\/\\\/tlr-coworking.com\\\/wp-content\\\/uploads\\\/2025\\\/01\\\/Subscription-Illustration-Desktop-Boomerang.svg\",\"datePublished\":\"2018-05-08T20:53:56+00:00\",\"dateModified\":\"2025-05-05T13:01:47+00:00\",\"breadcrumb\":{\"@id\":\"https:\\\/\\\/tlr-coworking.com\\\/es\\\/boomerang-unete-a-la-familia\\\/#breadcrumb\"},\"inLanguage\":\"es\",\"potentialAction\":[{\"@type\":\"ReadAction\",\"target\":[\"https:\\\/\\\/tlr-coworking.com\\\/es\\\/boomerang-unete-a-la-familia\\\/\"]}]},{\"@type\":\"ImageObject\",\"inLanguage\":\"es\",\"@id\":\"https:\\\/\\\/tlr-coworking.com\\\/es\\\/boomerang-unete-a-la-familia\\\/#primaryimage\",\"url\":\"https:\\\/\\\/tlr-coworking.com\\\/wp-content\\\/uploads\\\/2025\\\/01\\\/Subscription-Illustration-Desktop-Boomerang.svg\",\"contentUrl\":\"https:\\\/\\\/tlr-coworking.com\\\/wp-content\\\/uploads\\\/2025\\\/01\\\/Subscription-Illustration-Desktop-Boomerang.svg\"},{\"@type\":\"BreadcrumbList\",\"@id\":\"https:\\\/\\\/tlr-coworking.com\\\/es\\\/boomerang-unete-a-la-familia\\\/#breadcrumb\",\"itemListElement\":[{\"@type\":\"ListItem\",\"position\":1,\"name\":\"Home\",\"item\":\"https:\\\/\\\/tlr-coworking.com\\\/es\\\/\"},{\"@type\":\"ListItem\",\"position\":2,\"name\":\"Boomerang | \u00danete a la familia\"}]},{\"@type\":\"WebSite\",\"@id\":\"https:\\\/\\\/tlr-coworking.com\\\/es\\\/#website\",\"url\":\"https:\\\/\\\/tlr-coworking.com\\\/es\\\/\",\"name\":\"The Living Room\",\"description\":\"Coworking Space Malaga\",\"potentialAction\":[{\"@type\":\"SearchAction\",\"target\":{\"@type\":\"EntryPoint\",\"urlTemplate\":\"https:\\\/\\\/tlr-coworking.com\\\/es\\\/?s={search_term_string}\"},\"query-input\":{\"@type\":\"PropertyValueSpecification\",\"valueRequired\":true,\"valueName\":\"search_term_string\"}}],\"inLanguage\":\"es\"}]}<\/script>\n<!-- \/ Yoast SEO plugin. -->","yoast_head_json":{"title":"Boomerang | \u00danete a la familia | The Living Room","robots":{"index":"index","follow":"follow","max-snippet":"max-snippet:-1","max-image-preview":"max-image-preview:large","max-video-preview":"max-video-preview:-1"},"canonical":"https:\/\/tlr-coworking.com\/es\/boomerang-unete-a-la-familia\/","og_locale":"es_ES","og_type":"article","og_title":"Boomerang | \u00danete a la familia | The Living Room","og_description":"Boomerang \u00danete a la familia Como somos el espacio de coworking internacional de M\u00e1laga, \u00a1practiquemos y cambiemos de idioma! Por favor, rellena este formulario en ingl\u00e9s.","og_url":"https:\/\/tlr-coworking.com\/es\/boomerang-unete-a-la-familia\/","og_site_name":"The Living Room","article_publisher":"https:\/\/www.facebook.com\/thelivingroomcoworking\/","article_modified_time":"2025-05-05T13:01:47+00:00","twitter_card":"summary_large_image","twitter_misc":{"Tiempo de lectura":"2 minutos"},"schema":{"@context":"https:\/\/schema.org","@graph":[{"@type":"WebPage","@id":"https:\/\/tlr-coworking.com\/es\/boomerang-unete-a-la-familia\/","url":"https:\/\/tlr-coworking.com\/es\/boomerang-unete-a-la-familia\/","name":"Boomerang | \u00danete a la familia | The Living Room","isPartOf":{"@id":"https:\/\/tlr-coworking.com\/es\/#website"},"primaryImageOfPage":{"@id":"https:\/\/tlr-coworking.com\/es\/boomerang-unete-a-la-familia\/#primaryimage"},"image":{"@id":"https:\/\/tlr-coworking.com\/es\/boomerang-unete-a-la-familia\/#primaryimage"},"thumbnailUrl":"https:\/\/tlr-coworking.com\/wp-content\/uploads\/2025\/01\/Subscription-Illustration-Desktop-Boomerang.svg","datePublished":"2018-05-08T20:53:56+00:00","dateModified":"2025-05-05T13:01:47+00:00","breadcrumb":{"@id":"https:\/\/tlr-coworking.com\/es\/boomerang-unete-a-la-familia\/#breadcrumb"},"inLanguage":"es","potentialAction":[{"@type":"ReadAction","target":["https:\/\/tlr-coworking.com\/es\/boomerang-unete-a-la-familia\/"]}]},{"@type":"ImageObject","inLanguage":"es","@id":"https:\/\/tlr-coworking.com\/es\/boomerang-unete-a-la-familia\/#primaryimage","url":"https:\/\/tlr-coworking.com\/wp-content\/uploads\/2025\/01\/Subscription-Illustration-Desktop-Boomerang.svg","contentUrl":"https:\/\/tlr-coworking.com\/wp-content\/uploads\/2025\/01\/Subscription-Illustration-Desktop-Boomerang.svg"},{"@type":"BreadcrumbList","@id":"https:\/\/tlr-coworking.com\/es\/boomerang-unete-a-la-familia\/#breadcrumb","itemListElement":[{"@type":"ListItem","position":1,"name":"Home","item":"https:\/\/tlr-coworking.com\/es\/"},{"@type":"ListItem","position":2,"name":"Boomerang | \u00danete a la familia"}]},{"@type":"WebSite","@id":"https:\/\/tlr-coworking.com\/es\/#website","url":"https:\/\/tlr-coworking.com\/es\/","name":"The Living Room","description":"Coworking Space Malaga","potentialAction":[{"@type":"SearchAction","target":{"@type":"EntryPoint","urlTemplate":"https:\/\/tlr-coworking.com\/es\/?s={search_term_string}"},"query-input":{"@type":"PropertyValueSpecification","valueRequired":true,"valueName":"search_term_string"}}],"inLanguage":"es"}]}},"_links":{"self":[{"href":"https:\/\/tlr-coworking.com\/es\/wp-json\/wp\/v2\/pages\/11365","targetHints":{"allow":["GET"]}}],"collection":[{"href":"https:\/\/tlr-coworking.com\/es\/wp-json\/wp\/v2\/pages"}],"about":[{"href":"https:\/\/tlr-coworking.com\/es\/wp-json\/wp\/v2\/types\/page"}],"author":[{"embeddable":true,"href":"https:\/\/tlr-coworking.com\/es\/wp-json\/wp\/v2\/users\/1"}],"replies":[{"embeddable":true,"href":"https:\/\/tlr-coworking.com\/es\/wp-json\/wp\/v2\/comments?post=11365"}],"version-history":[{"count":10,"href":"https:\/\/tlr-coworking.com\/es\/wp-json\/wp\/v2\/pages\/11365\/revisions"}],"predecessor-version":[{"id":15623,"href":"https:\/\/tlr-coworking.com\/es\/wp-json\/wp\/v2\/pages\/11365\/revisions\/15623"}],"wp:attachment":[{"href":"https:\/\/tlr-coworking.com\/es\/wp-json\/wp\/v2\/media?parent=11365"}],"curies":[{"name":"wp","href":"https:\/\/api.w.org\/{rel}","templated":true}]}}