{"id":11443,"date":"2018-05-08T12:13:21","date_gmt":"2018-05-08T10:13:21","guid":{"rendered":"https:\/\/tlr-coworking.com\/dia-de-prueba-gratis\/"},"modified":"2026-01-22T10:21:54","modified_gmt":"2026-01-22T09:21:54","slug":"dia-de-prueba-gratis","status":"publish","type":"page","link":"https:\/\/tlr-coworking.com\/es\/dia-de-prueba-gratis\/","title":{"rendered":"D\u00eda de prueba gratis"},"content":{"rendered":"\t\t<div data-elementor-type=\"wp-page\" data-elementor-id=\"11443\" class=\"elementor elementor-11443 elementor-1365\" data-elementor-post-type=\"page\">\n\t\t\t\t<div class=\"elementor-element elementor-element-d94c1e3 e-con-full e-flex e-con e-parent\" data-id=\"d94c1e3\" data-element_type=\"container\" data-e-type=\"container\" data-settings=\"{&quot;background_background&quot;:&quot;classic&quot;}\">\n\t\t\t\t<div class=\"elementor-element elementor-element-5735ed8 elementor-widget elementor-widget-image\" data-id=\"5735ed8\" data-element_type=\"widget\" data-e-type=\"widget\" data-widget_type=\"image.default\">\n\t\t\t\t<div class=\"elementor-widget-container\">\n\t\t\t\t\t\t\t\t\t\t\t\t\t\t\t<img fetchpriority=\"high\" decoding=\"async\" width=\"1015\" height=\"658\" src=\"https:\/\/tlr-coworking.com\/wp-content\/uploads\/2024\/12\/Comfy-chair-and-plant.svg\" class=\"attachment-large size-large wp-image-14475\" alt=\"Comfy chair and plant at TLR Coworking\" \/>\t\t\t\t\t\t\t\t\t\t\t\t\t\t\t<\/div>\n\t\t\t\t<\/div>\n\t\t\t\t<div class=\"elementor-element elementor-element-a96bd44 elementor-widget elementor-widget-heading\" data-id=\"a96bd44\" data-element_type=\"widget\" data-e-type=\"widget\" data-widget_type=\"heading.default\">\n\t\t\t\t<div class=\"elementor-widget-container\">\n\t\t\t\t\t<h2 class=\"elementor-heading-title elementor-size-default\">D\u00eda de prueba gratis<\/h2>\t\t\t\t<\/div>\n\t\t\t\t<\/div>\n\t\t<div class=\"elementor-element elementor-element-e66bdb8 e-flex e-con-boxed e-con e-child\" data-id=\"e66bdb8\" data-element_type=\"container\" data-e-type=\"container\">\n\t\t\t\t\t<div class=\"e-con-inner\">\n\t\t\t\t<div class=\"elementor-element elementor-element-f88e2a0 elementor-widget elementor-widget-text-editor\" data-id=\"f88e2a0\" data-element_type=\"widget\" data-e-type=\"widget\" data-widget_type=\"text-editor.default\">\n\t\t\t\t<div class=\"elementor-widget-container\">\n\t\t\t\t\t\t\t\t\t<p>Si te planteas unirte a la familia como <strong>All Star, Roadtripper, Boomerang, Friend o Sunshine<\/strong>, estaremos encantados de ofrecerte un d\u00eda de prueba gratuito. Dinos c\u00f3mo contactar contigo y nos pondremos en contacto para reservar tu d\u00eda de prueba gratuito.<\/p>\n\t\t\t\t\t\t\t\t<\/div>\n\t\t\t\t<\/div>\n\t\t\t\t\t<\/div>\n\t\t\t\t<\/div>\n\t\t\t\t<\/div>\n\t\t<div class=\"elementor-element elementor-element-c6d9ea7 e-flex e-con-boxed e-con e-parent\" data-id=\"c6d9ea7\" data-element_type=\"container\" data-e-type=\"container\">\n\t\t\t\t\t<div class=\"e-con-inner\">\n\t\t\t\t<div class=\"elementor-element elementor-element-b4c478a elementor-widget elementor-widget-text-editor\" data-id=\"b4c478a\" data-element_type=\"widget\" data-e-type=\"widget\" data-widget_type=\"text-editor.default\">\n\t\t\t\t<div class=\"elementor-widget-container\">\n\t\t\t\t\t\t\t\t\t<p>\n<div class=\"wpcf7 no-js\" id=\"wpcf7-f15432-o1\" lang=\"es-ES\" dir=\"ltr\" data-wpcf7-id=\"15432\">\n<div class=\"screen-reader-response\"><p role=\"status\" aria-live=\"polite\" aria-atomic=\"true\"><\/p> <ul><\/ul><\/div>\n<form action=\"\/es\/wp-json\/wp\/v2\/pages\/11443#wpcf7-f15432-o1\" method=\"post\" class=\"wpcf7-form init\" aria-label=\"Formulario de contacto\" novalidate=\"novalidate\" data-status=\"init\">\n<fieldset class=\"hidden-fields-container\"><input type=\"hidden\" name=\"_wpcf7\" value=\"15432\" \/><input type=\"hidden\" name=\"_wpcf7_version\" value=\"6.1.5\" \/><input type=\"hidden\" name=\"_wpcf7_locale\" value=\"es_ES\" \/><input type=\"hidden\" name=\"_wpcf7_unit_tag\" value=\"wpcf7-f15432-o1\" \/><input type=\"hidden\" name=\"_wpcf7_container_post\" value=\"0\" \/><input type=\"hidden\" name=\"_wpcf7_posted_data_hash\" value=\"\" \/><input type=\"hidden\" name=\"_wpcf7cf_hidden_group_fields\" value=\"[]\" \/><input type=\"hidden\" name=\"_wpcf7cf_hidden_groups\" value=\"[]\" \/><input type=\"hidden\" name=\"_wpcf7cf_visible_groups\" value=\"[]\" \/><input type=\"hidden\" name=\"_wpcf7cf_repeaters\" value=\"[]\" \/><input type=\"hidden\" name=\"_wpcf7cf_steps\" value=\"{}\" \/><input type=\"hidden\" name=\"_wpcf7cf_options\" value=\"{&quot;form_id&quot;:15432,&quot;conditions&quot;:[],&quot;settings&quot;:{&quot;animation&quot;:&quot;yes&quot;,&quot;animation_intime&quot;:200,&quot;animation_outtime&quot;:200,&quot;conditions_ui&quot;:&quot;normal&quot;,&quot;notice_dismissed&quot;:false,&quot;notice_dismissed_rollback-cf7-5.3.2&quot;:true,&quot;notice_dismissed_rollback-cf7-5.6&quot;:true,&quot;notice_dismissed_rollback-cf7-5.9.5&quot;:true}}\" \/>\n<\/fieldset>\n<div class=\"wpcf7-turnstile cf-turnstile\" data-sitekey=\"0x4AAAAAABlhKUh_uWZolegu\" data-response-field-name=\"_wpcf7_turnstile_response\"><\/div>\n\n<div id=\"responsive-form\" class=\"clearfix\">\n\t<div class=\"form-row\">\n\t\t<div class=\"column-half\">\n\t\t\t<p><label> Nombre(s)*<br \/>\n<span class=\"wpcf7-form-control-wrap\" data-name=\"first-name\"><input size=\"40\" maxlength=\"400\" class=\"wpcf7-form-control wpcf7-text wpcf7-validates-as-required\" aria-required=\"true\" aria-invalid=\"false\" value=\"\" type=\"text\" name=\"first-name\" \/><\/span><br \/>\n<\/label>\n\t\t\t<\/p>\n\t\t<\/div>\n\t\t<div class=\"column-half\">\n\t\t\t<p><label> Apellido(s)*<br \/>\n<span class=\"wpcf7-form-control-wrap\" data-name=\"last-name\"><input size=\"40\" maxlength=\"400\" class=\"wpcf7-form-control wpcf7-text wpcf7-validates-as-required\" aria-required=\"true\" aria-invalid=\"false\" value=\"\" type=\"text\" name=\"last-name\" \/><\/span><br \/>\n<\/label>\n\t\t\t<\/p>\n\t\t<\/div>\n\t<\/div>\n\t<div class=\"form-row\">\n\t\t<div class=\"column-full\">\n\t\t\t<p><label> Correo electr\u00f3nico*<br \/>\n<span class=\"wpcf7-form-control-wrap\" data-name=\"your-email\"><input size=\"40\" maxlength=\"400\" class=\"wpcf7-form-control wpcf7-email wpcf7-validates-as-required wpcf7-text wpcf7-validates-as-email\" aria-required=\"true\" aria-invalid=\"false\" value=\"\" type=\"email\" name=\"your-email\" \/><\/span><br \/>\n<\/label>\n\t\t\t<\/p>\n\t\t<\/div>\n\t<\/div>\n\t<div class=\"form-row\">\n\t\t<div class=\"column-full\">\n\t\t\t<p><label> N\u00famero de tel\u00e9fono*<br \/>\n<span class=\"wpcf7-form-control-wrap\" data-name=\"phone\"><input size=\"100\" class=\"wpcf7-form-control wpcf7-phonetext wpcf7-validates-as-required wpcf7-text wpcf7-validates-as-phonetext\" aria-required=\"true\" aria-invalid=\"false\" value=\"\" type=\"text\" name=\"phone\" \/><input type=\"hidden\" name=\"phone-country-code\" class=\"wpcf7-phonetext-country-code\" \/><\/span><br \/>\n<\/label>\n\t\t\t<\/p>\n\t\t<\/div>\n\t<\/div>\n\t<div class=\"form-row\">\n\t\t<div class=\"column-full\">\n\t\t\t<p><label> Me interesa ser un:*<br \/>\n<small>Si a\u00fan no lo sabes, primero echa un vistacillo a <a href=\"https:\/\/tlr-coworking.com\/subscriptions\/\" target=\"_blank\" rel=\"noopener noreferrer\">nuestras suscripciones<\/a>.<\/small><br \/>\n<span class=\"wpcf7-form-control-wrap\" data-name=\"subscriptions\"><select class=\"wpcf7-form-control wpcf7-select wpcf7-validates-as-required\" aria-required=\"true\" aria-invalid=\"false\" name=\"subscriptions\"><option value=\"All Star\">All Star<\/option><option value=\"Roadtripper\">Roadtripper<\/option><option value=\"Boomerang\">Boomerang<\/option><option value=\"Sunshine\">Sunshine<\/option><option value=\"Friend\">Friend<\/option><\/select><\/span><br \/>\n<\/label>\n\t\t\t<\/p>\n\t\t<\/div>\n\t<\/div>\n\t<div class=\"form-row\">\n\t\t<div class=\"column-half\">\n\t\t\t<p><label> Fecha de tu d\u00eda de prueba*<br \/>\n<span class=\"wpcf7-form-control-wrap\" data-name=\"date\"><input class=\"wpcf7-form-control wpcf7-date wpcf7-validates-as-required wpcf7-validates-as-date\" min=\"2020-01-07\" aria-required=\"true\" aria-invalid=\"false\" value=\"\" type=\"date\" name=\"date\" \/><\/span><br \/>\n<\/label>\n\t\t\t<\/p>\n\t\t<\/div>\n\t\t<div class=\"column-half\">\n\t\t\t<p><label> A partir de las*<br \/>\n<span class=\"wpcf7-form-control-wrap\" data-name=\"time\"><select class=\"wpcf7-form-control wpcf7-select wpcf7-validates-as-required\" aria-required=\"true\" aria-invalid=\"false\" name=\"time\"><option value=\"9 horas\">9 horas<\/option><option value=\"10 horas\">10 horas<\/option><option value=\"11 horas\">11 horas<\/option><option value=\"12 horas\">12 horas<\/option><option value=\"13 horas\">13 horas<\/option><option value=\"14 horas\">14 horas<\/option><option value=\"15 horas\">15 horas<\/option><option value=\"16 horas\">16 horas<\/option><option value=\"17 horas\">17 horas<\/option><\/select><\/span><br \/>\n<\/label>\n\t\t\t<\/p>\n\t\t<\/div>\n\t<\/div>\n\t<div class=\"form-row\">\n\t\t<div class=\"column-full\">\n\t\t\t<p><label> \u00bfPor qu\u00e9 te planteas unirte a la familia TLR?*<br \/>\n<span class=\"wpcf7-form-control-wrap\" data-name=\"your-message\"><textarea cols=\"40\" rows=\"10\" maxlength=\"250\" class=\"wpcf7-form-control wpcf7-textarea wpcf7-validates-as-required\" aria-required=\"true\" aria-invalid=\"false\" placeholder=\"Max 250 characters\" name=\"your-message\"><\/textarea><\/span><br \/>\n<\/label>\n\t\t\t<\/p>\n\t\t<\/div>\n\t<\/div>\n\t<div class=\"form-row\">\n\t\t<div class=\"column-full\">\n\t\t\t<p><span class=\"wpcf7-form-control-wrap\" data-name=\"acceptance-909\"><span class=\"wpcf7-form-control wpcf7-acceptance\"><span class=\"wpcf7-list-item\"><input type=\"checkbox\" name=\"acceptance-909\" value=\"1\" aria-invalid=\"false\" \/><\/span><\/span><\/span> He le\u00eddo y acepto la <a href=\"\/privacy-policy\/\" target=\"_blank\" rel=\"noopener noreferrer\"> pol\u00edtica de privacidad de datos<\/a> de TLR.\n\t\t\t<\/p>\n\t\t<\/div>\n\t<\/div>\n\t<div class=\"form-row\">\n\t\t<div class=\"column-full\">\n\t\t\t<p><input class=\"wpcf7-form-control wpcf7-submit has-spinner\" type=\"submit\" value=\"Reserva tu d\u00eda de prueba\" \/>\n\t\t\t<\/p>\n\t\t<\/div>\n\t<\/div>\n<\/div><!--end responsive-form--><div class=\"wpcf7-response-output\" aria-hidden=\"true\"><\/div>\n<\/form>\n<\/div>\n<\/p>\t\t\t\t\t\t\t\t<\/div>\n\t\t\t\t<\/div>\n\t\t\t\t\t<\/div>\n\t\t\t\t<\/div>\n\t\t<div class=\"elementor-element elementor-element-dbd77c7 e-flex e-con-boxed e-con e-parent\" data-id=\"dbd77c7\" data-element_type=\"container\" data-e-type=\"container\" data-settings=\"{&quot;background_background&quot;:&quot;classic&quot;}\">\n\t\t\t\t\t<div class=\"e-con-inner\">\n\t\t<div class=\"elementor-element elementor-element-469c197 e-con-full e-flex e-con e-child\" data-id=\"469c197\" data-element_type=\"container\" data-e-type=\"container\" data-settings=\"{&quot;background_background&quot;:&quot;classic&quot;}\">\n\t\t<div class=\"elementor-element elementor-element-9f0c387 e-flex e-con-boxed e-con e-child\" data-id=\"9f0c387\" data-element_type=\"container\" data-e-type=\"container\">\n\t\t\t\t\t<div class=\"e-con-inner\">\n\t\t\t\t<div class=\"elementor-element elementor-element-baab158 elementor-widget elementor-widget-heading\" data-id=\"baab158\" data-element_type=\"widget\" data-e-type=\"widget\" data-widget_type=\"heading.default\">\n\t\t\t\t<div class=\"elementor-widget-container\">\n\t\t\t\t\t<h3 class=\"elementor-heading-title elementor-size-default\">Buscas un Team Base?<\/h3>\t\t\t\t<\/div>\n\t\t\t\t<\/div>\n\t\t\t\t\t<\/div>\n\t\t\t\t<\/div>\n\t\t<div class=\"elementor-element elementor-element-4f782ce e-con-full e-flex e-con e-child\" data-id=\"4f782ce\" data-element_type=\"container\" data-e-type=\"container\">\n\t\t<div class=\"elementor-element elementor-element-50a8325 e-con-full e-flex e-con e-child\" data-id=\"50a8325\" data-element_type=\"container\" data-e-type=\"container\">\n\t\t\t\t<div class=\"elementor-element elementor-element-2e41e69 elementor-widget elementor-widget-text-editor\" data-id=\"2e41e69\" data-element_type=\"widget\" data-e-type=\"widget\" data-widget_type=\"text-editor.default\">\n\t\t\t\t<div class=\"elementor-widget-container\">\n\t\t\t\t\t\t\t\t\t<p>Si no encuentras una opci\u00f3n de oficina privada en el formulario anterior&#8230;<\/p>\n\t\t\t\t\t\t\t\t<\/div>\n\t\t\t\t<\/div>\n\t\t\t\t<div class=\"elementor-element elementor-element-1550cd9 elementor-widget elementor-widget-text-editor\" data-id=\"1550cd9\" data-element_type=\"widget\" data-e-type=\"widget\" data-widget_type=\"text-editor.default\">\n\t\t\t\t<div class=\"elementor-widget-container\">\n\t\t\t\t\t\t\t\t\t<p>&#8230; eso es porque hay otro formulario para eso. En lugar de reservar un d\u00eda de prueba, dir\u00edgete a nuestra oferta Team Base y comprueba la disponibilidad all\u00ed.<\/p>\n\t\t\t\t\t\t\t\t<\/div>\n\t\t\t\t<\/div>\n\t\t\t\t<div class=\"elementor-element elementor-element-39efda8 elementor-align-left elementor-widget elementor-widget-button\" data-id=\"39efda8\" data-element_type=\"widget\" data-e-type=\"widget\" data-widget_type=\"button.default\">\n\t\t\t\t<div class=\"elementor-widget-container\">\n\t\t\t\t\t\t\t\t\t<div class=\"elementor-button-wrapper\">\n\t\t\t\t\t<a class=\"elementor-button elementor-button-link elementor-size-sm\" href=\"https:\/\/tlr-coworking.com\/es\/team-base-suscripcion\/#form\">\n\t\t\t\t\t\t<span class=\"elementor-button-content-wrapper\">\n\t\t\t\t\t\t<span class=\"elementor-button-icon\">\n\t\t\t\t<svg aria-hidden=\"true\" class=\"e-font-icon-svg e-fas-long-arrow-alt-right\" viewBox=\"0 0 448 512\" xmlns=\"http:\/\/www.w3.org\/2000\/svg\"><path d=\"M313.941 216H12c-6.627 0-12 5.373-12 12v56c0 6.627 5.373 12 12 12h301.941v46.059c0 21.382 25.851 32.09 40.971 16.971l86.059-86.059c9.373-9.373 9.373-24.569 0-33.941l-86.059-86.059c-15.119-15.119-40.971-4.411-40.971 16.971V216z\"><\/path><\/svg>\t\t\t<\/span>\n\t\t\t\t\t\t\t\t\t<span class=\"elementor-button-text\">COMPROBAR DISPONIBILIDAD<\/span>\n\t\t\t\t\t<\/span>\n\t\t\t\t\t<\/a>\n\t\t\t\t<\/div>\n\t\t\t\t\t\t\t\t<\/div>\n\t\t\t\t<\/div>\n\t\t\t\t<\/div>\n\t\t<div class=\"elementor-element elementor-element-12c22a9 e-flex e-con-boxed e-con e-child\" data-id=\"12c22a9\" data-element_type=\"container\" data-e-type=\"container\">\n\t\t\t\t\t<div class=\"e-con-inner\">\n\t\t\t\t<div class=\"elementor-element elementor-element-8348fca elementor-widget elementor-widget-image\" data-id=\"8348fca\" data-element_type=\"widget\" data-e-type=\"widget\" data-widget_type=\"image.default\">\n\t\t\t\t<div class=\"elementor-widget-container\">\n\t\t\t\t\t\t\t\t\t\t\t\t\t\t\t<img decoding=\"async\" width=\"557\" height=\"557\" src=\"https:\/\/tlr-coworking.com\/wp-content\/uploads\/2025\/01\/Subscription-Illustration-Thumbnail-Team-Base.svg\" class=\"attachment-large size-large wp-image-14843\" alt=\"Your Team Base at TLR Coworking\" \/>\t\t\t\t\t\t\t\t\t\t\t\t\t\t\t<\/div>\n\t\t\t\t<\/div>\n\t\t\t\t\t<\/div>\n\t\t\t\t<\/div>\n\t\t\t\t<\/div>\n\t\t\t\t<\/div>\n\t\t\t\t\t<\/div>\n\t\t\t\t<\/div>\n\t\t\t\t<\/div>\n\t\t","protected":false},"excerpt":{"rendered":"<p>D\u00eda de prueba gratis Si te planteas unirte a la familia como All Star, Roadtripper, Boomerang, Friend o Sunshine, estaremos encantados de ofrecerte un d\u00eda de prueba gratuito. Dinos c\u00f3mo contactar contigo y nos pondremos en contacto para reservar tu d\u00eda de prueba gratuito. Buscas un Team Base? Si no encuentras una opci\u00f3n de oficina [&hellip;]<\/p>\n","protected":false},"author":1,"featured_media":0,"parent":0,"menu_order":0,"comment_status":"closed","ping_status":"closed","template":"","meta":{"_acf_changed":false,"_joinchat":[],"footnotes":""},"class_list":["post-11443","page","type-page","status-publish","hentry"],"acf":[],"yoast_head":"<!-- This site is optimized with the Yoast SEO plugin v27.4 - https:\/\/yoast.com\/product\/yoast-seo-wordpress\/ -->\n<title>D\u00eda de prueba gratis | The Living Room<\/title>\n<meta name=\"robots\" content=\"index, follow, max-snippet:-1, max-image-preview:large, max-video-preview:-1\" \/>\n<link rel=\"canonical\" href=\"https:\/\/tlr-coworking.com\/es\/dia-de-prueba-gratis\/\" \/>\n<meta property=\"og:locale\" content=\"es_ES\" \/>\n<meta property=\"og:type\" content=\"article\" \/>\n<meta property=\"og:title\" content=\"D\u00eda de prueba gratis | The Living Room\" \/>\n<meta property=\"og:description\" content=\"D\u00eda de prueba gratis Si te planteas unirte a la familia como All Star, Roadtripper, Boomerang, Friend o Sunshine, estaremos encantados de ofrecerte un d\u00eda de prueba gratuito. Dinos c\u00f3mo contactar contigo y nos pondremos en contacto para reservar tu d\u00eda de prueba gratuito. Buscas un Team Base? Si no encuentras una opci\u00f3n de oficina [&hellip;]\" \/>\n<meta property=\"og:url\" content=\"https:\/\/tlr-coworking.com\/es\/dia-de-prueba-gratis\/\" \/>\n<meta property=\"og:site_name\" content=\"The Living Room\" \/>\n<meta property=\"article:publisher\" content=\"https:\/\/www.facebook.com\/thelivingroomcoworking\/\" \/>\n<meta property=\"article:modified_time\" content=\"2026-01-22T09:21:54+00:00\" \/>\n<meta name=\"twitter:card\" content=\"summary_large_image\" \/>\n<meta name=\"twitter:label1\" content=\"Tiempo de lectura\" \/>\n\t<meta name=\"twitter:data1\" content=\"1 minuto\" \/>\n<script type=\"application\/ld+json\" class=\"yoast-schema-graph\">{\"@context\":\"https:\\\/\\\/schema.org\",\"@graph\":[{\"@type\":\"WebPage\",\"@id\":\"https:\\\/\\\/tlr-coworking.com\\\/es\\\/dia-de-prueba-gratis\\\/\",\"url\":\"https:\\\/\\\/tlr-coworking.com\\\/es\\\/dia-de-prueba-gratis\\\/\",\"name\":\"D\u00eda de prueba gratis | The Living Room\",\"isPartOf\":{\"@id\":\"https:\\\/\\\/tlr-coworking.com\\\/es\\\/#website\"},\"primaryImageOfPage\":{\"@id\":\"https:\\\/\\\/tlr-coworking.com\\\/es\\\/dia-de-prueba-gratis\\\/#primaryimage\"},\"image\":{\"@id\":\"https:\\\/\\\/tlr-coworking.com\\\/es\\\/dia-de-prueba-gratis\\\/#primaryimage\"},\"thumbnailUrl\":\"https:\\\/\\\/tlr-coworking.com\\\/wp-content\\\/uploads\\\/2024\\\/12\\\/Comfy-chair-and-plant.svg\",\"datePublished\":\"2018-05-08T10:13:21+00:00\",\"dateModified\":\"2026-01-22T09:21:54+00:00\",\"breadcrumb\":{\"@id\":\"https:\\\/\\\/tlr-coworking.com\\\/es\\\/dia-de-prueba-gratis\\\/#breadcrumb\"},\"inLanguage\":\"es\",\"potentialAction\":[{\"@type\":\"ReadAction\",\"target\":[\"https:\\\/\\\/tlr-coworking.com\\\/es\\\/dia-de-prueba-gratis\\\/\"]}]},{\"@type\":\"ImageObject\",\"inLanguage\":\"es\",\"@id\":\"https:\\\/\\\/tlr-coworking.com\\\/es\\\/dia-de-prueba-gratis\\\/#primaryimage\",\"url\":\"https:\\\/\\\/tlr-coworking.com\\\/wp-content\\\/uploads\\\/2024\\\/12\\\/Comfy-chair-and-plant.svg\",\"contentUrl\":\"https:\\\/\\\/tlr-coworking.com\\\/wp-content\\\/uploads\\\/2024\\\/12\\\/Comfy-chair-and-plant.svg\"},{\"@type\":\"BreadcrumbList\",\"@id\":\"https:\\\/\\\/tlr-coworking.com\\\/es\\\/dia-de-prueba-gratis\\\/#breadcrumb\",\"itemListElement\":[{\"@type\":\"ListItem\",\"position\":1,\"name\":\"Home\",\"item\":\"https:\\\/\\\/tlr-coworking.com\\\/es\\\/\"},{\"@type\":\"ListItem\",\"position\":2,\"name\":\"D\u00eda de prueba gratis\"}]},{\"@type\":\"WebSite\",\"@id\":\"https:\\\/\\\/tlr-coworking.com\\\/es\\\/#website\",\"url\":\"https:\\\/\\\/tlr-coworking.com\\\/es\\\/\",\"name\":\"The Living Room\",\"description\":\"Coworking Space Malaga\",\"potentialAction\":[{\"@type\":\"SearchAction\",\"target\":{\"@type\":\"EntryPoint\",\"urlTemplate\":\"https:\\\/\\\/tlr-coworking.com\\\/es\\\/?s={search_term_string}\"},\"query-input\":{\"@type\":\"PropertyValueSpecification\",\"valueRequired\":true,\"valueName\":\"search_term_string\"}}],\"inLanguage\":\"es\"}]}<\/script>\n<!-- \/ Yoast SEO plugin. -->","yoast_head_json":{"title":"D\u00eda de prueba gratis | The Living Room","robots":{"index":"index","follow":"follow","max-snippet":"max-snippet:-1","max-image-preview":"max-image-preview:large","max-video-preview":"max-video-preview:-1"},"canonical":"https:\/\/tlr-coworking.com\/es\/dia-de-prueba-gratis\/","og_locale":"es_ES","og_type":"article","og_title":"D\u00eda de prueba gratis | The Living Room","og_description":"D\u00eda de prueba gratis Si te planteas unirte a la familia como All Star, Roadtripper, Boomerang, Friend o Sunshine, estaremos encantados de ofrecerte un d\u00eda de prueba gratuito. Dinos c\u00f3mo contactar contigo y nos pondremos en contacto para reservar tu d\u00eda de prueba gratuito. Buscas un Team Base? Si no encuentras una opci\u00f3n de oficina [&hellip;]","og_url":"https:\/\/tlr-coworking.com\/es\/dia-de-prueba-gratis\/","og_site_name":"The Living Room","article_publisher":"https:\/\/www.facebook.com\/thelivingroomcoworking\/","article_modified_time":"2026-01-22T09:21:54+00:00","twitter_card":"summary_large_image","twitter_misc":{"Tiempo de lectura":"1 minuto"},"schema":{"@context":"https:\/\/schema.org","@graph":[{"@type":"WebPage","@id":"https:\/\/tlr-coworking.com\/es\/dia-de-prueba-gratis\/","url":"https:\/\/tlr-coworking.com\/es\/dia-de-prueba-gratis\/","name":"D\u00eda de prueba gratis | The Living Room","isPartOf":{"@id":"https:\/\/tlr-coworking.com\/es\/#website"},"primaryImageOfPage":{"@id":"https:\/\/tlr-coworking.com\/es\/dia-de-prueba-gratis\/#primaryimage"},"image":{"@id":"https:\/\/tlr-coworking.com\/es\/dia-de-prueba-gratis\/#primaryimage"},"thumbnailUrl":"https:\/\/tlr-coworking.com\/wp-content\/uploads\/2024\/12\/Comfy-chair-and-plant.svg","datePublished":"2018-05-08T10:13:21+00:00","dateModified":"2026-01-22T09:21:54+00:00","breadcrumb":{"@id":"https:\/\/tlr-coworking.com\/es\/dia-de-prueba-gratis\/#breadcrumb"},"inLanguage":"es","potentialAction":[{"@type":"ReadAction","target":["https:\/\/tlr-coworking.com\/es\/dia-de-prueba-gratis\/"]}]},{"@type":"ImageObject","inLanguage":"es","@id":"https:\/\/tlr-coworking.com\/es\/dia-de-prueba-gratis\/#primaryimage","url":"https:\/\/tlr-coworking.com\/wp-content\/uploads\/2024\/12\/Comfy-chair-and-plant.svg","contentUrl":"https:\/\/tlr-coworking.com\/wp-content\/uploads\/2024\/12\/Comfy-chair-and-plant.svg"},{"@type":"BreadcrumbList","@id":"https:\/\/tlr-coworking.com\/es\/dia-de-prueba-gratis\/#breadcrumb","itemListElement":[{"@type":"ListItem","position":1,"name":"Home","item":"https:\/\/tlr-coworking.com\/es\/"},{"@type":"ListItem","position":2,"name":"D\u00eda de prueba gratis"}]},{"@type":"WebSite","@id":"https:\/\/tlr-coworking.com\/es\/#website","url":"https:\/\/tlr-coworking.com\/es\/","name":"The Living Room","description":"Coworking Space Malaga","potentialAction":[{"@type":"SearchAction","target":{"@type":"EntryPoint","urlTemplate":"https:\/\/tlr-coworking.com\/es\/?s={search_term_string}"},"query-input":{"@type":"PropertyValueSpecification","valueRequired":true,"valueName":"search_term_string"}}],"inLanguage":"es"}]}},"_links":{"self":[{"href":"https:\/\/tlr-coworking.com\/es\/wp-json\/wp\/v2\/pages\/11443","targetHints":{"allow":["GET"]}}],"collection":[{"href":"https:\/\/tlr-coworking.com\/es\/wp-json\/wp\/v2\/pages"}],"about":[{"href":"https:\/\/tlr-coworking.com\/es\/wp-json\/wp\/v2\/types\/page"}],"author":[{"embeddable":true,"href":"https:\/\/tlr-coworking.com\/es\/wp-json\/wp\/v2\/users\/1"}],"replies":[{"embeddable":true,"href":"https:\/\/tlr-coworking.com\/es\/wp-json\/wp\/v2\/comments?post=11443"}],"version-history":[{"count":8,"href":"https:\/\/tlr-coworking.com\/es\/wp-json\/wp\/v2\/pages\/11443\/revisions"}],"predecessor-version":[{"id":16799,"href":"https:\/\/tlr-coworking.com\/es\/wp-json\/wp\/v2\/pages\/11443\/revisions\/16799"}],"wp:attachment":[{"href":"https:\/\/tlr-coworking.com\/es\/wp-json\/wp\/v2\/media?parent=11443"}],"curies":[{"name":"wp","href":"https:\/\/api.w.org\/{rel}","templated":true}]}}