{"id":11457,"date":"2018-05-08T13:31:12","date_gmt":"2018-05-08T12:31:12","guid":{"rendered":"https:\/\/tlr-coworking.com\/inscribete-en-team-base\/"},"modified":"2025-05-05T13:52:33","modified_gmt":"2025-05-05T12:52:33","slug":"inscribete-en-team-base","status":"publish","type":"page","link":"https:\/\/tlr-coworking.com\/es\/inscribete-en-team-base\/","title":{"rendered":"Team Base | Inscr\u00edbete"},"content":{"rendered":"\t\t<div data-elementor-type=\"wp-page\" data-elementor-id=\"11457\" class=\"elementor elementor-11457 elementor-1379\" data-elementor-post-type=\"page\">\n\t\t\t\t<div class=\"elementor-element elementor-element-e037c11 e-con-full e-flex e-con e-parent\" data-id=\"e037c11\" data-element_type=\"container\" data-e-type=\"container\" data-settings=\"{&quot;background_background&quot;:&quot;classic&quot;}\">\n\t\t\t\t<div class=\"elementor-element elementor-element-991f0a2 elementor-hidden-mobile elementor-widget elementor-widget-image\" data-id=\"991f0a2\" data-element_type=\"widget\" data-e-type=\"widget\" data-widget_type=\"image.default\">\n\t\t\t\t<div class=\"elementor-widget-container\">\n\t\t\t\t\t\t\t\t\t\t\t\t\t\t\t<img fetchpriority=\"high\" decoding=\"async\" width=\"1614\" height=\"770\" src=\"https:\/\/tlr-coworking.com\/wp-content\/uploads\/2025\/01\/Subscription-Illustration-Desktop-Team-Base.svg\" class=\"attachment-large size-large wp-image-14839\" alt=\"Your Team Base at TLR Coworking\" \/>\t\t\t\t\t\t\t\t\t\t\t\t\t\t\t<\/div>\n\t\t\t\t<\/div>\n\t\t\t\t<div class=\"elementor-element elementor-element-f517350 elementor-hidden-desktop elementor-hidden-tablet elementor-widget elementor-widget-image\" data-id=\"f517350\" data-element_type=\"widget\" data-e-type=\"widget\" data-widget_type=\"image.default\">\n\t\t\t\t<div class=\"elementor-widget-container\">\n\t\t\t\t\t\t\t\t\t\t\t\t\t\t\t<img decoding=\"async\" width=\"657\" height=\"645\" src=\"https:\/\/tlr-coworking.com\/wp-content\/uploads\/2025\/01\/Subscription-Illustration-Mobile-Team-Base.svg\" class=\"attachment-large size-large wp-image-14841\" alt=\"Your Team Base at TLR Coworking\" \/>\t\t\t\t\t\t\t\t\t\t\t\t\t\t\t<\/div>\n\t\t\t\t<\/div>\n\t\t\t\t<div class=\"elementor-element elementor-element-d766e0c elementor-widget elementor-widget-heading\" data-id=\"d766e0c\" data-element_type=\"widget\" data-e-type=\"widget\" data-widget_type=\"heading.default\">\n\t\t\t\t<div class=\"elementor-widget-container\">\n\t\t\t\t\t<h2 class=\"elementor-heading-title elementor-size-default\">Team Base<\/h2>\t\t\t\t<\/div>\n\t\t\t\t<\/div>\n\t\t<div class=\"elementor-element elementor-element-42a0f38 e-flex e-con-boxed e-con e-child\" data-id=\"42a0f38\" data-element_type=\"container\" data-e-type=\"container\">\n\t\t\t\t\t<div class=\"e-con-inner\">\n\t\t\t\t<div class=\"elementor-element elementor-element-29f9837 elementor-widget__width-initial elementor-widget elementor-widget-text-editor\" data-id=\"29f9837\" data-element_type=\"widget\" data-e-type=\"widget\" data-widget_type=\"text-editor.default\">\n\t\t\t\t<div class=\"elementor-widget-container\">\n\t\t\t\t\t\t\t\t\t<p><strong>\u00danete a la familia<\/strong><\/p>\n<p>Como somos el espacio de coworking internacional de M\u00e1laga, \u00a1practiquemos y cambiemos de idioma! Por favor, rellena este formulario en ingl\u00e9s.<\/p>\n\t\t\t\t\t\t\t\t<\/div>\n\t\t\t\t<\/div>\n\t\t\t\t\t<\/div>\n\t\t\t\t<\/div>\n\t\t\t\t<\/div>\n\t\t<div class=\"elementor-element elementor-element-8ffddef e-flex e-con-boxed e-con e-parent\" data-id=\"8ffddef\" data-element_type=\"container\" data-e-type=\"container\">\n\t\t\t\t\t<div class=\"e-con-inner\">\n\t\t\t\t<div class=\"elementor-element elementor-element-535dc92 elementor-widget elementor-widget-text-editor\" data-id=\"535dc92\" data-element_type=\"widget\" data-e-type=\"widget\" data-widget_type=\"text-editor.default\">\n\t\t\t\t<div class=\"elementor-widget-container\">\n\t\t\t\t\t\t\t\t\t<p><p class=\"wpcf7-contact-form-not-found\"><strong>Error:<\/strong> Formulario de contacto no encontrado.<\/p><\/p>\n\t\t\t\t\t\t\t\t<\/div>\n\t\t\t\t<\/div>\n\t\t\t\t\t<\/div>\n\t\t\t\t<\/div>\n\t\t\t\t<\/div>\n\t\t","protected":false},"excerpt":{"rendered":"<p>Team Base \u00danete a la familia Como somos el espacio de coworking internacional de M\u00e1laga, \u00a1practiquemos y cambiemos de idioma! Por favor, rellena este formulario en ingl\u00e9s.<\/p>\n","protected":false},"author":1,"featured_media":0,"parent":0,"menu_order":0,"comment_status":"closed","ping_status":"closed","template":"","meta":{"_acf_changed":false,"_joinchat":[],"footnotes":""},"class_list":["post-11457","page","type-page","status-publish","hentry"],"acf":[],"yoast_head":"<!-- This site is optimized with the Yoast SEO plugin v27.4 - https:\/\/yoast.com\/product\/yoast-seo-wordpress\/ -->\n<title>Team Base | Inscr\u00edbete | The Living Room<\/title>\n<meta name=\"robots\" content=\"index, follow, max-snippet:-1, max-image-preview:large, max-video-preview:-1\" \/>\n<link rel=\"canonical\" href=\"https:\/\/tlr-coworking.com\/es\/inscribete-en-team-base\/\" \/>\n<meta property=\"og:locale\" content=\"es_ES\" \/>\n<meta property=\"og:type\" content=\"article\" \/>\n<meta property=\"og:title\" content=\"Team Base | Inscr\u00edbete | The Living Room\" \/>\n<meta property=\"og:description\" content=\"Team Base \u00danete a la familia Como somos el espacio de coworking internacional de M\u00e1laga, \u00a1practiquemos y cambiemos de idioma! Por favor, rellena este formulario en ingl\u00e9s.\" \/>\n<meta property=\"og:url\" content=\"https:\/\/tlr-coworking.com\/es\/inscribete-en-team-base\/\" \/>\n<meta property=\"og:site_name\" content=\"The Living Room\" \/>\n<meta property=\"article:publisher\" content=\"https:\/\/www.facebook.com\/thelivingroomcoworking\/\" \/>\n<meta property=\"article:modified_time\" content=\"2025-05-05T12:52:33+00:00\" \/>\n<meta name=\"twitter:card\" content=\"summary_large_image\" \/>\n<meta name=\"twitter:label1\" content=\"Tiempo de lectura\" \/>\n\t<meta name=\"twitter:data1\" content=\"1 minuto\" \/>\n<script type=\"application\/ld+json\" class=\"yoast-schema-graph\">{\"@context\":\"https:\\\/\\\/schema.org\",\"@graph\":[{\"@type\":\"WebPage\",\"@id\":\"https:\\\/\\\/tlr-coworking.com\\\/es\\\/inscribete-en-team-base\\\/\",\"url\":\"https:\\\/\\\/tlr-coworking.com\\\/es\\\/inscribete-en-team-base\\\/\",\"name\":\"Team Base | Inscr\u00edbete | The Living Room\",\"isPartOf\":{\"@id\":\"https:\\\/\\\/tlr-coworking.com\\\/es\\\/#website\"},\"primaryImageOfPage\":{\"@id\":\"https:\\\/\\\/tlr-coworking.com\\\/es\\\/inscribete-en-team-base\\\/#primaryimage\"},\"image\":{\"@id\":\"https:\\\/\\\/tlr-coworking.com\\\/es\\\/inscribete-en-team-base\\\/#primaryimage\"},\"thumbnailUrl\":\"https:\\\/\\\/tlr-coworking.com\\\/wp-content\\\/uploads\\\/2025\\\/01\\\/Subscription-Illustration-Desktop-Team-Base.svg\",\"datePublished\":\"2018-05-08T12:31:12+00:00\",\"dateModified\":\"2025-05-05T12:52:33+00:00\",\"breadcrumb\":{\"@id\":\"https:\\\/\\\/tlr-coworking.com\\\/es\\\/inscribete-en-team-base\\\/#breadcrumb\"},\"inLanguage\":\"es\",\"potentialAction\":[{\"@type\":\"ReadAction\",\"target\":[\"https:\\\/\\\/tlr-coworking.com\\\/es\\\/inscribete-en-team-base\\\/\"]}]},{\"@type\":\"ImageObject\",\"inLanguage\":\"es\",\"@id\":\"https:\\\/\\\/tlr-coworking.com\\\/es\\\/inscribete-en-team-base\\\/#primaryimage\",\"url\":\"https:\\\/\\\/tlr-coworking.com\\\/wp-content\\\/uploads\\\/2025\\\/01\\\/Subscription-Illustration-Desktop-Team-Base.svg\",\"contentUrl\":\"https:\\\/\\\/tlr-coworking.com\\\/wp-content\\\/uploads\\\/2025\\\/01\\\/Subscription-Illustration-Desktop-Team-Base.svg\"},{\"@type\":\"BreadcrumbList\",\"@id\":\"https:\\\/\\\/tlr-coworking.com\\\/es\\\/inscribete-en-team-base\\\/#breadcrumb\",\"itemListElement\":[{\"@type\":\"ListItem\",\"position\":1,\"name\":\"Home\",\"item\":\"https:\\\/\\\/tlr-coworking.com\\\/es\\\/\"},{\"@type\":\"ListItem\",\"position\":2,\"name\":\"Team Base | Inscr\u00edbete\"}]},{\"@type\":\"WebSite\",\"@id\":\"https:\\\/\\\/tlr-coworking.com\\\/es\\\/#website\",\"url\":\"https:\\\/\\\/tlr-coworking.com\\\/es\\\/\",\"name\":\"The Living Room\",\"description\":\"Coworking Space Malaga\",\"potentialAction\":[{\"@type\":\"SearchAction\",\"target\":{\"@type\":\"EntryPoint\",\"urlTemplate\":\"https:\\\/\\\/tlr-coworking.com\\\/es\\\/?s={search_term_string}\"},\"query-input\":{\"@type\":\"PropertyValueSpecification\",\"valueRequired\":true,\"valueName\":\"search_term_string\"}}],\"inLanguage\":\"es\"}]}<\/script>\n<!-- \/ Yoast SEO plugin. -->","yoast_head_json":{"title":"Team Base | Inscr\u00edbete | The Living Room","robots":{"index":"index","follow":"follow","max-snippet":"max-snippet:-1","max-image-preview":"max-image-preview:large","max-video-preview":"max-video-preview:-1"},"canonical":"https:\/\/tlr-coworking.com\/es\/inscribete-en-team-base\/","og_locale":"es_ES","og_type":"article","og_title":"Team Base | Inscr\u00edbete | The Living Room","og_description":"Team Base \u00danete a la familia Como somos el espacio de coworking internacional de M\u00e1laga, \u00a1practiquemos y cambiemos de idioma! Por favor, rellena este formulario en ingl\u00e9s.","og_url":"https:\/\/tlr-coworking.com\/es\/inscribete-en-team-base\/","og_site_name":"The Living Room","article_publisher":"https:\/\/www.facebook.com\/thelivingroomcoworking\/","article_modified_time":"2025-05-05T12:52:33+00:00","twitter_card":"summary_large_image","twitter_misc":{"Tiempo de lectura":"1 minuto"},"schema":{"@context":"https:\/\/schema.org","@graph":[{"@type":"WebPage","@id":"https:\/\/tlr-coworking.com\/es\/inscribete-en-team-base\/","url":"https:\/\/tlr-coworking.com\/es\/inscribete-en-team-base\/","name":"Team Base | Inscr\u00edbete | The Living Room","isPartOf":{"@id":"https:\/\/tlr-coworking.com\/es\/#website"},"primaryImageOfPage":{"@id":"https:\/\/tlr-coworking.com\/es\/inscribete-en-team-base\/#primaryimage"},"image":{"@id":"https:\/\/tlr-coworking.com\/es\/inscribete-en-team-base\/#primaryimage"},"thumbnailUrl":"https:\/\/tlr-coworking.com\/wp-content\/uploads\/2025\/01\/Subscription-Illustration-Desktop-Team-Base.svg","datePublished":"2018-05-08T12:31:12+00:00","dateModified":"2025-05-05T12:52:33+00:00","breadcrumb":{"@id":"https:\/\/tlr-coworking.com\/es\/inscribete-en-team-base\/#breadcrumb"},"inLanguage":"es","potentialAction":[{"@type":"ReadAction","target":["https:\/\/tlr-coworking.com\/es\/inscribete-en-team-base\/"]}]},{"@type":"ImageObject","inLanguage":"es","@id":"https:\/\/tlr-coworking.com\/es\/inscribete-en-team-base\/#primaryimage","url":"https:\/\/tlr-coworking.com\/wp-content\/uploads\/2025\/01\/Subscription-Illustration-Desktop-Team-Base.svg","contentUrl":"https:\/\/tlr-coworking.com\/wp-content\/uploads\/2025\/01\/Subscription-Illustration-Desktop-Team-Base.svg"},{"@type":"BreadcrumbList","@id":"https:\/\/tlr-coworking.com\/es\/inscribete-en-team-base\/#breadcrumb","itemListElement":[{"@type":"ListItem","position":1,"name":"Home","item":"https:\/\/tlr-coworking.com\/es\/"},{"@type":"ListItem","position":2,"name":"Team Base | Inscr\u00edbete"}]},{"@type":"WebSite","@id":"https:\/\/tlr-coworking.com\/es\/#website","url":"https:\/\/tlr-coworking.com\/es\/","name":"The Living Room","description":"Coworking Space Malaga","potentialAction":[{"@type":"SearchAction","target":{"@type":"EntryPoint","urlTemplate":"https:\/\/tlr-coworking.com\/es\/?s={search_term_string}"},"query-input":{"@type":"PropertyValueSpecification","valueRequired":true,"valueName":"search_term_string"}}],"inLanguage":"es"}]}},"_links":{"self":[{"href":"https:\/\/tlr-coworking.com\/es\/wp-json\/wp\/v2\/pages\/11457","targetHints":{"allow":["GET"]}}],"collection":[{"href":"https:\/\/tlr-coworking.com\/es\/wp-json\/wp\/v2\/pages"}],"about":[{"href":"https:\/\/tlr-coworking.com\/es\/wp-json\/wp\/v2\/types\/page"}],"author":[{"embeddable":true,"href":"https:\/\/tlr-coworking.com\/es\/wp-json\/wp\/v2\/users\/1"}],"replies":[{"embeddable":true,"href":"https:\/\/tlr-coworking.com\/es\/wp-json\/wp\/v2\/comments?post=11457"}],"version-history":[{"count":17,"href":"https:\/\/tlr-coworking.com\/es\/wp-json\/wp\/v2\/pages\/11457\/revisions"}],"predecessor-version":[{"id":15606,"href":"https:\/\/tlr-coworking.com\/es\/wp-json\/wp\/v2\/pages\/11457\/revisions\/15606"}],"wp:attachment":[{"href":"https:\/\/tlr-coworking.com\/es\/wp-json\/wp\/v2\/media?parent=11457"}],"curies":[{"name":"wp","href":"https:\/\/api.w.org\/{rel}","templated":true}]}}